{"id":751,"date":"2024-06-17T16:44:31","date_gmt":"2024-06-17T15:44:31","guid":{"rendered":"http:\/\/mariegeoffroy.com\/?page_id=751"},"modified":"2025-08-31T20:11:23","modified_gmt":"2025-08-31T19:11:23","slug":"vinyasa-yoga","status":"publish","type":"page","link":"https:\/\/mariegeoffroy.com\/index.php\/vinyasa-yoga\/","title":{"rendered":"Vinyasa Yoga"},"content":{"rendered":"\n<p>Le Vinyasa Yoga a les m\u00eames bases \/ principes que l&#8217;Ashtanga Vinyasa Yoga.<br>N\u00e9anmoins, les encha\u00eenements de postures varient et peuvent par exemple \u00eatre ax\u00e9s sur le travail d&#8217;une posture en particulier. <\/p>\n\n\n<div class=\"wp-block-image is-style-default\">\n<figure class=\"aligncenter size-large\"><img loading=\"lazy\" decoding=\"async\" width=\"683\" height=\"1024\" src=\"https:\/\/mariegeoffroy.com\/wp-content\/uploads\/2025\/08\/DSC08942-683x1024.jpg\" alt=\"\" class=\"wp-image-972\" title=\"Cr\u00e9dit photo Margot Geoffroy\" srcset=\"https:\/\/mariegeoffroy.com\/wp-content\/uploads\/2025\/08\/DSC08942-683x1024.jpg 683w, https:\/\/mariegeoffroy.com\/wp-content\/uploads\/2025\/08\/DSC08942-200x300.jpg 200w, https:\/\/mariegeoffroy.com\/wp-content\/uploads\/2025\/08\/DSC08942-768x1152.jpg 768w, https:\/\/mariegeoffroy.com\/wp-content\/uploads\/2025\/08\/DSC08942-1024x1536.jpg 1024w, https:\/\/mariegeoffroy.com\/wp-content\/uploads\/2025\/08\/DSC08942-1365x2048.jpg 1365w, https:\/\/mariegeoffroy.com\/wp-content\/uploads\/2025\/08\/DSC08942-scaled.jpg 1707w\" sizes=\"auto, (max-width: 683px) 100vw, 683px\" \/><figcaption class=\"wp-element-caption\">Cr\u00e9dit photo Mysore Yogic Photos<\/figcaption><\/figure><\/div>\n\n\n<p><\/p>\n","protected":false},"excerpt":{"rendered":"<p>Le Vinyasa Yoga a les m\u00eames bases \/ principes que l&#8217;Ashtanga Vinyasa Yoga.N\u00e9anmoins, les encha\u00eenements de postures varient et peuvent par exemple \u00eatre ax\u00e9s sur le travail d&#8217;une posture en particulier.<\/p>\n","protected":false},"author":1,"featured_media":0,"parent":0,"menu_order":0,"comment_status":"closed","ping_status":"closed","template":"template-fullwidth.php","meta":{"footnotes":""},"class_list":["post-751","page","type-page","status-publish","hentry"],"_links":{"self":[{"href":"https:\/\/mariegeoffroy.com\/index.php\/wp-json\/wp\/v2\/pages\/751","targetHints":{"allow":["GET"]}}],"collection":[{"href":"https:\/\/mariegeoffroy.com\/index.php\/wp-json\/wp\/v2\/pages"}],"about":[{"href":"https:\/\/mariegeoffroy.com\/index.php\/wp-json\/wp\/v2\/types\/page"}],"author":[{"embeddable":true,"href":"https:\/\/mariegeoffroy.com\/index.php\/wp-json\/wp\/v2\/users\/1"}],"replies":[{"embeddable":true,"href":"https:\/\/mariegeoffroy.com\/index.php\/wp-json\/wp\/v2\/comments?post=751"}],"version-history":[{"count":8,"href":"https:\/\/mariegeoffroy.com\/index.php\/wp-json\/wp\/v2\/pages\/751\/revisions"}],"predecessor-version":[{"id":991,"href":"https:\/\/mariegeoffroy.com\/index.php\/wp-json\/wp\/v2\/pages\/751\/revisions\/991"}],"wp:attachment":[{"href":"https:\/\/mariegeoffroy.com\/index.php\/wp-json\/wp\/v2\/media?parent=751"}],"curies":[{"name":"wp","href":"https:\/\/api.w.org\/{rel}","templated":true}]}}