{"id":744,"date":"2024-06-07T10:51:32","date_gmt":"2024-06-07T09:51:32","guid":{"rendered":"http:\/\/mariegeoffroy.com\/?page_id=744"},"modified":"2024-06-25T13:29:38","modified_gmt":"2024-06-25T12:29:38","slug":"contact","status":"publish","type":"page","link":"https:\/\/mariegeoffroy.com\/index.php\/contact\/","title":{"rendered":"Contact"},"content":{"rendered":"\n<p>N\u2019h\u00e9sitez pas \u00e0 me contacter pour toute information :<\/p>\n\n\n\n<p>contact(at)mariegeoffroy.com<\/p>\n\n\n\n<hr class=\"wp-block-separator has-alpha-channel-opacity\"\/>\n\n\n\n<p>Me suivre sur les r\u00e9seaux sociaux :<\/p>\n\n\n\n<p>&gt; Facebook :&nbsp;<a href=\"https:\/\/www.facebook.com\/MarieGeoffroyYoga\" target=\"_blank\" rel=\"noreferrer noopener\">Marie Geoffroy Yoga \/ Ashtanga Yoga C\u00e9vennes<\/a><\/p>\n\n\n\n<p>> Instagram :\u00a0<br><a href=\"https:\/\/www.instagram.com\/marie_geoffroy\/\" target=\"_blank\" rel=\"noreferrer noopener\">@marie_geoffroy<\/a>  <br><a href=\"https:\/\/www.instagram.com\/ashtangayogacevennes\/\" data-type=\"link\" data-id=\"https:\/\/www.instagram.com\/ashtangayogacevennes\/\">@ashtangayogacevennes<\/a><\/p>\n","protected":false},"excerpt":{"rendered":"<p>N\u2019h\u00e9sitez pas \u00e0 me contacter pour toute information : contact(at)mariegeoffroy.com Me suivre sur les r\u00e9seaux sociaux : &gt; Facebook :&nbsp;Marie Geoffroy Yoga \/ Ashtanga Yoga C\u00e9vennes > Instagram :\u00a0@marie_geoffroy @ashtangayogacevennes<\/p>\n","protected":false},"author":1,"featured_media":0,"parent":0,"menu_order":0,"comment_status":"closed","ping_status":"closed","template":"template-fullwidth.php","meta":{"footnotes":""},"class_list":["post-744","page","type-page","status-publish","hentry"],"_links":{"self":[{"href":"https:\/\/mariegeoffroy.com\/index.php\/wp-json\/wp\/v2\/pages\/744","targetHints":{"allow":["GET"]}}],"collection":[{"href":"https:\/\/mariegeoffroy.com\/index.php\/wp-json\/wp\/v2\/pages"}],"about":[{"href":"https:\/\/mariegeoffroy.com\/index.php\/wp-json\/wp\/v2\/types\/page"}],"author":[{"embeddable":true,"href":"https:\/\/mariegeoffroy.com\/index.php\/wp-json\/wp\/v2\/users\/1"}],"replies":[{"embeddable":true,"href":"https:\/\/mariegeoffroy.com\/index.php\/wp-json\/wp\/v2\/comments?post=744"}],"version-history":[{"count":2,"href":"https:\/\/mariegeoffroy.com\/index.php\/wp-json\/wp\/v2\/pages\/744\/revisions"}],"predecessor-version":[{"id":782,"href":"https:\/\/mariegeoffroy.com\/index.php\/wp-json\/wp\/v2\/pages\/744\/revisions\/782"}],"wp:attachment":[{"href":"https:\/\/mariegeoffroy.com\/index.php\/wp-json\/wp\/v2\/media?parent=744"}],"curies":[{"name":"wp","href":"https:\/\/api.w.org\/{rel}","templated":true}]}}