{"id":480,"date":"2022-07-22T09:28:20","date_gmt":"2022-07-22T08:28:20","guid":{"rendered":"http:\/\/mariegeoffroy.com\/?page_id=480"},"modified":"2024-06-18T13:18:26","modified_gmt":"2024-06-18T12:18:26","slug":"yoga-restauratif","status":"publish","type":"page","link":"https:\/\/mariegeoffroy.com\/index.php\/yoga-restauratif\/","title":{"rendered":"Yoga Restauratif"},"content":{"rendered":"\n<p><\/p>\n\n\n\n<p>Issu du Yoga Iyengar et d\u00e9velopp\u00e9e par Judith Hanson Lasater, le <strong>Yoga Restauratif<\/strong> invite \u00e0 la d\u00e9tente physique, mentale et \u00e9motionnelle. Les postures sont pratiqu\u00e9es lentement et se concentrent sur l&#8217;immobilit\u00e9 et le repos gr\u00e2ce \u00e0 l\u2019utilisation de sangles, blocs, coussins et couvertures.<br>Tous niveaux, d\u00e9butants bienvenus. Accessible aux femmes enceintes.<\/p>\n\n\n<div class=\"wp-block-image\">\n<figure class=\"aligncenter\"><img loading=\"lazy\" decoding=\"async\" width=\"1024\" height=\"768\" src=\"https:\/\/mariegeoffroy.com\/wp-content\/uploads\/2023\/06\/IMG-20230402-WA0028-1024x768.jpg\" alt=\"\" class=\"wp-image-587\" srcset=\"https:\/\/mariegeoffroy.com\/wp-content\/uploads\/2023\/06\/IMG-20230402-WA0028-1024x768.jpg 1024w, https:\/\/mariegeoffroy.com\/wp-content\/uploads\/2023\/06\/IMG-20230402-WA0028-300x225.jpg 300w, https:\/\/mariegeoffroy.com\/wp-content\/uploads\/2023\/06\/IMG-20230402-WA0028-768x576.jpg 768w, https:\/\/mariegeoffroy.com\/wp-content\/uploads\/2023\/06\/IMG-20230402-WA0028.jpg 1600w\" sizes=\"auto, (max-width: 1024px) 100vw, 1024px\" \/><figcaption class=\"wp-element-caption\">Cr\u00e9dit photo Miriana Couvret-Michel<\/figcaption><\/figure><\/div>","protected":false},"excerpt":{"rendered":"<p>Issu du Yoga Iyengar et d\u00e9velopp\u00e9e par Judith Hanson Lasater, le Yoga Restauratif invite \u00e0 la d\u00e9tente physique, mentale et \u00e9motionnelle. Les postures sont pratiqu\u00e9es lentement et se concentrent sur l&#8217;immobilit\u00e9 et le repos gr\u00e2ce \u00e0 l\u2019utilisation de sangles, blocs, coussins et couvertures.Tous niveaux, d\u00e9butants bienvenus. Accessible aux femmes enceintes.<\/p>\n","protected":false},"author":1,"featured_media":0,"parent":0,"menu_order":0,"comment_status":"closed","ping_status":"closed","template":"template-fullwidth.php","meta":{"footnotes":""},"class_list":["post-480","page","type-page","status-publish","hentry"],"_links":{"self":[{"href":"https:\/\/mariegeoffroy.com\/index.php\/wp-json\/wp\/v2\/pages\/480","targetHints":{"allow":["GET"]}}],"collection":[{"href":"https:\/\/mariegeoffroy.com\/index.php\/wp-json\/wp\/v2\/pages"}],"about":[{"href":"https:\/\/mariegeoffroy.com\/index.php\/wp-json\/wp\/v2\/types\/page"}],"author":[{"embeddable":true,"href":"https:\/\/mariegeoffroy.com\/index.php\/wp-json\/wp\/v2\/users\/1"}],"replies":[{"embeddable":true,"href":"https:\/\/mariegeoffroy.com\/index.php\/wp-json\/wp\/v2\/comments?post=480"}],"version-history":[{"count":9,"href":"https:\/\/mariegeoffroy.com\/index.php\/wp-json\/wp\/v2\/pages\/480\/revisions"}],"predecessor-version":[{"id":760,"href":"https:\/\/mariegeoffroy.com\/index.php\/wp-json\/wp\/v2\/pages\/480\/revisions\/760"}],"wp:attachment":[{"href":"https:\/\/mariegeoffroy.com\/index.php\/wp-json\/wp\/v2\/media?parent=480"}],"curies":[{"name":"wp","href":"https:\/\/api.w.org\/{rel}","templated":true}]}}