{"id":15,"date":"2016-08-05T09:49:47","date_gmt":"2016-08-05T08:49:47","guid":{"rendered":"http:\/\/mariegeoffroy.com\/?page_id=15"},"modified":"2025-07-21T11:06:21","modified_gmt":"2025-07-21T10:06:21","slug":"biographie","status":"publish","type":"page","link":"https:\/\/mariegeoffroy.com\/index.php\/biographie\/","title":{"rendered":"\u00c0 propos"},"content":{"rendered":"<p>Je commence l\u2019Ashtanga Vinyasa Yoga en 2011 aupr\u00e8s d&#8217;Agata Wasko chez Ashtanga Yoga Paris.<br \/>Depuis, j&#8217;ai la chance d&#8217;\u00e9tudier aupr\u00e8s de professeurs s\u00e9niors comme Luke Jordan, Iain Grysak, Maty Ezraty, Kristina Karitinou&#8230;\u2028 Je me nourris aussi des \u00e9changes pr\u00e9cieux avec Silvia di Rienzo.<br \/>A partir de 2017, je me rends \u00e0 la source de l\u2019Ashtanga Yoga aupr\u00e8s de Sharat R. Jois au <a href=\"https:\/\/sharathyogacentre.com\/\">KPJAYI \/ Sharat Yoga Center<\/a> \u00e0 Mysore en Inde, et re\u00e7ois l\u2019Autorisation Niveau 2 en 2019.\u2028<br \/>Le Yoga Iyengar, le Yoga Restauratif (form\u00e9e aupr\u00e8s d&#8217;Audrey Favreau) et le Yoga Nidr\u00e2 compl\u00e8tent ma pratique posturale.<br \/>Je pratique le Pranayama dans la lign\u00e9e du Kaivalyadhama Center.<br \/>J&#8217;\u00e9tudie la r\u00e9citation de mantras v\u00e9diques aupr\u00e8s de Shantala Sriramaiah \/ Veda studies (Mysore tradition du Karnataka).<br \/>Afin d&#8217;accompagner les femmes pendant et apr\u00e8s leur grossesse, j&#8217;ai suivi la formation en Yoga pr\u00e9 et postnatal de l&#8217;Institut De Gasquet.<br \/>J\u2019ai cr\u00e9e l\u2019\u00e9cole Mysore Yoga Montpellier, avant de m&#8217;installer en famille au Vigan dans les C\u00e9vennes, o\u00f9 j\u2019ai fond\u00e9 Ashtanga Yoga C\u00e9vennes.<br \/>Je partage le Yoga avec d\u00e9votion, exigence et bienveillance, comme un formidable outil de connaissance de Soi.\u00a0<\/p>\n\n\n<figure class=\"wp-block-gallery has-nested-images columns-default is-cropped wp-block-gallery-1 is-layout-flex wp-block-gallery-is-layout-flex\">\n<figure class=\"wp-block-image\"><img loading=\"lazy\" decoding=\"async\" width=\"1024\" height=\"683\" data-id=\"707\" src=\"https:\/\/mariegeoffroy.com\/wp-content\/uploads\/2024\/02\/Marie.G-38-1024x683.jpg\" alt=\"\" class=\"wp-image-707\" srcset=\"https:\/\/mariegeoffroy.com\/wp-content\/uploads\/2024\/02\/Marie.G-38-1024x683.jpg 1024w, https:\/\/mariegeoffroy.com\/wp-content\/uploads\/2024\/02\/Marie.G-38-300x200.jpg 300w, https:\/\/mariegeoffroy.com\/wp-content\/uploads\/2024\/02\/Marie.G-38-768x512.jpg 768w\" sizes=\"auto, (max-width: 1024px) 100vw, 1024px\" \/><figcaption class=\"wp-element-caption\">Cr\u00e9dit photo Anna Saulle<\/figcaption><\/figure>\n<\/figure>\n","protected":false},"excerpt":{"rendered":"<p>Je commence l\u2019Ashtanga Vinyasa Yoga en 2011 aupr\u00e8s d&#8217;Agata Wasko chez Ashtanga Yoga Paris.Depuis, j&#8217;ai la chance d&#8217;\u00e9tudier aupr\u00e8s de professeurs s\u00e9niors comme Luke Jordan, Iain Grysak, Maty Ezraty, Kristina Karitinou&#8230;\u2028 Je me nourris aussi des \u00e9changes pr\u00e9cieux avec Silvia di Rienzo.A partir de 2017, je me rends \u00e0 la source de l\u2019Ashtanga Yoga aupr\u00e8s<a class=\"moretag\" href=\"https:\/\/mariegeoffroy.com\/index.php\/biographie\/\"><span class=\"screen-reader-text\">Read more about \u00c0 propos<\/span>[&#8230;]<\/a><\/p>\n","protected":false},"author":1,"featured_media":0,"parent":0,"menu_order":0,"comment_status":"closed","ping_status":"closed","template":"template-fullwidth.php","meta":{"footnotes":""},"class_list":["post-15","page","type-page","status-publish","hentry"],"_links":{"self":[{"href":"https:\/\/mariegeoffroy.com\/index.php\/wp-json\/wp\/v2\/pages\/15","targetHints":{"allow":["GET"]}}],"collection":[{"href":"https:\/\/mariegeoffroy.com\/index.php\/wp-json\/wp\/v2\/pages"}],"about":[{"href":"https:\/\/mariegeoffroy.com\/index.php\/wp-json\/wp\/v2\/types\/page"}],"author":[{"embeddable":true,"href":"https:\/\/mariegeoffroy.com\/index.php\/wp-json\/wp\/v2\/users\/1"}],"replies":[{"embeddable":true,"href":"https:\/\/mariegeoffroy.com\/index.php\/wp-json\/wp\/v2\/comments?post=15"}],"version-history":[{"count":69,"href":"https:\/\/mariegeoffroy.com\/index.php\/wp-json\/wp\/v2\/pages\/15\/revisions"}],"predecessor-version":[{"id":961,"href":"https:\/\/mariegeoffroy.com\/index.php\/wp-json\/wp\/v2\/pages\/15\/revisions\/961"}],"wp:attachment":[{"href":"https:\/\/mariegeoffroy.com\/index.php\/wp-json\/wp\/v2\/media?parent=15"}],"curies":[{"name":"wp","href":"https:\/\/api.w.org\/{rel}","templated":true}]}}